{"id":1689,"date":"2025-10-13T19:18:17","date_gmt":"2025-10-13T19:18:17","guid":{"rendered":"https:\/\/www.getuniqu.com\/pie-de-imprenta\/"},"modified":"2025-10-13T19:18:17","modified_gmt":"2025-10-13T19:18:17","slug":"pie-de-imprenta","status":"publish","type":"page","link":"https:\/\/www.getuniqu.com\/es\/pie-de-imprenta\/","title":{"rendered":"Pie de imprenta"},"content":{"rendered":"\n<!-- Legal document generated by Complianz | GDPR\/CCPA Cookie Consent https:\/\/wordpress.org\/plugins\/complianz-gdpr -->\n<div id=\"cmplz-document\" class=\"cmplz-document impressum cmplz-document-all\"><p><i>Este aviso legal \/ imprint fue actualizado por \u00faltima vez el 12 de febrero de 2026.<\/i><\/p><p class=\"cmplz-subtitle\">El propietario de esta web es:<\/p><p>UniqU O\u00dc<br>O\u00dc Ahtri Tn 12 15551 Tallinn Estonia<br>Estonia<br>Correo electr\u00f3nico:&nbsp;<span class=\"cmplz-obfuscate\">&#104;&#101;&#108;lo@<span class=\"cmplz-fmail-domain\">&#101;x.&#099;o&#109;<\/span>&#103;e&#116;uniqu.&#099;&#111;&#109;<\/span><br>N\u00famero de tel\u00e9fono: +438178723<br><\/p><p class=\"cmplz-subtitle\">El\/Los representante\/s legal\/es de UniqU O\u00dc:<\/p><p>John Crossen<\/p><h2>1. General<\/h2><p class=\"cmplz-subtitle\">1.1 Estamos registrados en https:\/\/ariregister.rik.ee\/eng bajo el n\u00famero de licencia o registro:<\/p><p>16979434<\/p><p class=\"cmplz-subtitle\">1.2 El nombre de nuestra autoridad supervisora es: <\/p><p>No<\/p><p class=\"cmplz-subtitle\">1.3 En nuestra web mostramos servicios o productos que requieren el registro en la siguiente asociaci\u00f3n profesional:<\/p><p>No<\/p><p>No estamos dispuestos ni obligados a participar en procedimientos de resoluci\u00f3n de conflictos ante una junta de arbitraje de consumo.<\/p><h2>2. La siguiente informaci\u00f3n es obligatoria seg\u00fan la legislaci\u00f3n alemana.<\/h2><p class=\"cmplz-subtitle\">2.1 Die Eigentumsanteile der Gesellschaft (Aktienkapital), die von ihr ausgegeben wurden:<\/p><p>1 EU<\/p><\/div>\n","protected":false},"excerpt":{"rendered":"","protected":false},"author":1,"featured_media":0,"parent":0,"menu_order":0,"comment_status":"closed","ping_status":"closed","template":"","meta":{"_analytify_skip_tracking":false,"footnotes":""},"class_list":["post-1689","page","type-page","status-publish","hentry"],"_links":{"self":[{"href":"https:\/\/www.getuniqu.com\/es\/wp-json\/wp\/v2\/pages\/1689","targetHints":{"allow":["GET"]}}],"collection":[{"href":"https:\/\/www.getuniqu.com\/es\/wp-json\/wp\/v2\/pages"}],"about":[{"href":"https:\/\/www.getuniqu.com\/es\/wp-json\/wp\/v2\/types\/page"}],"author":[{"embeddable":true,"href":"https:\/\/www.getuniqu.com\/es\/wp-json\/wp\/v2\/users\/1"}],"replies":[{"embeddable":true,"href":"https:\/\/www.getuniqu.com\/es\/wp-json\/wp\/v2\/comments?post=1689"}],"version-history":[{"count":0,"href":"https:\/\/www.getuniqu.com\/es\/wp-json\/wp\/v2\/pages\/1689\/revisions"}],"wp:attachment":[{"href":"https:\/\/www.getuniqu.com\/es\/wp-json\/wp\/v2\/media?parent=1689"}],"curies":[{"name":"wp","href":"https:\/\/api.w.org\/{rel}","templated":true}]}}