{"id":2592,"date":"2025-10-13T19:18:17","date_gmt":"2025-10-13T19:18:17","guid":{"rendered":"https:\/\/www.getuniqu.com\/declaracion-de-privacidad-au\/"},"modified":"2025-10-13T19:18:17","modified_gmt":"2025-10-13T19:18:17","slug":"declaracion-de-privacidad-au","status":"publish","type":"page","link":"https:\/\/www.getuniqu.com\/es\/declaracion-de-privacidad-au\/","title":{"rendered":"Declaraci\u00f3n de privacidad (AU)"},"content":{"rendered":"\n<!-- Legal document generated by Complianz | GDPR\/CCPA Cookie Consent https:\/\/wordpress.org\/plugins\/complianz-gdpr -->\n<div id=\"cmplz-document\" class=\"cmplz-document privacy-statement cmplz-document-au\"><p><i>This privacy statement was last changed on 12 de febrero de 2026, last checked on 12 de febrero de 2026, and applies to citizens of Australia.<\/i><br \/><br \/><\/p><p>In this privacy statement, we explain what we do with the data we obtain about you via <a href=\"https:\/\/www.getuniqu.com\/es\/\">https:\/\/www.getuniqu.com\/es\/<\/a>. We recommend you carefully read this statement. In our processing we comply with the requirements of privacy legislation. That means, among other things, that:<ul>\n                <li>we clearly state the purposes for which we process personal data. We do this by means of this privacy statement;<\/li>\n                <li>we aim to limit our collection of personal data to only the personal data required for legitimate purposes;<\/li>\n                <li>we first request your explicit consent to process your personal data in cases requiring your consent;<\/li>\n                <li>we take appropriate security measures to protect your personal data and also require this from parties that process personal data on our behalf;<\/li>\n                <li>we respect your right to access your personal data or have it corrected or deleted, at your request.<\/li>\n            <\/ul><\/p>If you have any questions, or want to know exactly what data we keep of you, please contact us.<h2>1. Finalidad y categor\u00edas de datos<\/h2><p>Podemos recopilar o recibir informaci\u00f3n personal para un n\u00famero de prop\u00f3sitos relacionados con nuestras operaciones comerciales, que pueden incluir lo siguiente: (haga clic para expandir) <\/b><\/p><details class=\"cmplz-dropdown dropdown-privacy-statement\"><summary><div><h3>1.1 Contacto - Por tel\u00e9fono, correo, correo electr\u00f3nico y\/o formularios en el sitio<\/h3><\/div><\/summary><p class=\"cmplz-subtitle\">Las siguientes categor\u00edas de datos son recopiladas<\/p><p><ul><li>Un nombre y apellido<\/li><li>Nombre de cuenta o alias<\/li><li>Una direcci\u00f3n de casa u otra direcci\u00f3n f\u00edsica, incluyendo el nombre de la calle y el nombre de una ciudad o pueblo<\/li><li>Una direcci\u00f3n de correo electr\u00f3nico<\/li><li>Direcci\u00f3n IP<\/li><li>Informaci\u00f3n sobre la actividad en internet, incluyendo, pero sin limitarse a, el historial de navegaci\u00f3n, el historial de b\u00fasqueda y la informaci\u00f3n relacionada con la interacci\u00f3n de un consumidor con una web, aplicaci\u00f3n o anuncio en internet<\/li><li>Datos de geolocalizaci\u00f3n<\/li><li>Fecha de nacimiento<\/li><li>Estado civil<\/li><\/ul><\/p><p class=\"cmplz-subtitle\">Per\u00edodo de retenci\u00f3n<\/p><p>Retendremos estos datos hasta que el servicio sea cancelado.<\/p><\/details><details class=\"cmplz-dropdown dropdown-privacy-statement\"><summary><div><h3>1.2 Pagos<\/h3><\/div><\/summary><p class=\"cmplz-subtitle\">Las siguientes categor\u00edas de datos son recopiladas<\/p><p><ul><li>Un nombre y apellido<\/li><li>Nombre de cuenta o alias<\/li><li>Una direcci\u00f3n de casa u otra direcci\u00f3n f\u00edsica, incluyendo el nombre de la calle y el nombre de una ciudad o pueblo<\/li><li>Una direcci\u00f3n de correo electr\u00f3nico<\/li><li>Direcci\u00f3n IP<\/li><li>Informaci\u00f3n sobre la actividad en internet, incluyendo, pero sin limitarse a, el historial de navegaci\u00f3n, el historial de b\u00fasqueda y la informaci\u00f3n relacionada con la interacci\u00f3n de un consumidor con una web, aplicaci\u00f3n o anuncio en internet<\/li><li>Datos de geolocalizaci\u00f3n<\/li><\/ul><\/p><p class=\"cmplz-subtitle\">Per\u00edodo de retenci\u00f3n<\/p><p>Retendremos estos datos hasta que el servicio sea cancelado.<\/p><\/details><details class=\"cmplz-dropdown dropdown-privacy-statement\"><summary><div><h3>1.3 Registrando una cuenta<\/h3><\/div><\/summary><p class=\"cmplz-subtitle\">Las siguientes categor\u00edas de datos son recopiladas<\/p><p><ul><li>Un nombre y apellido<\/li><li>Nombre de cuenta o alias<\/li><li>Una direcci\u00f3n de casa u otra direcci\u00f3n f\u00edsica, incluyendo el nombre de la calle y el nombre de una ciudad o pueblo<\/li><li>Una direcci\u00f3n de correo electr\u00f3nico<\/li><li>Un n\u00famero de tel\u00e9fono<\/li><li>Direcci\u00f3n IP<\/li><li>Informaci\u00f3n sobre la actividad en internet, incluyendo, pero sin limitarse a, el historial de navegaci\u00f3n, el historial de b\u00fasqueda y la informaci\u00f3n relacionada con la interacci\u00f3n de un consumidor con una web, aplicaci\u00f3n o anuncio en internet<\/li><li>Datos de geolocalizaci\u00f3n<\/li><li>Estado civil<\/li><li>Fecha de nacimiento<\/li><\/ul><\/p><p class=\"cmplz-subtitle\">Per\u00edodo de retenci\u00f3n<\/p><p>Retendremos estos datos hasta que el servicio sea cancelado.<\/p><\/details><details class=\"cmplz-dropdown dropdown-privacy-statement\"><summary><div><h3>1.4 Boletines de noticias<\/h3><\/div><\/summary><p class=\"cmplz-subtitle\">Las siguientes categor\u00edas de datos son recopiladas<\/p><p><ul><li>Un nombre y apellido<\/li><li>Nombre de cuenta o alias<\/li><li>Una direcci\u00f3n de correo electr\u00f3nico<\/li><li>Direcci\u00f3n IP<\/li><li>Informaci\u00f3n sobre la actividad en internet, incluyendo, pero sin limitarse a, el historial de navegaci\u00f3n, el historial de b\u00fasqueda y la informaci\u00f3n relacionada con la interacci\u00f3n de un consumidor con una web, aplicaci\u00f3n o anuncio en internet<\/li><li>Datos de geolocalizaci\u00f3n<\/li><\/ul><\/p><p class=\"cmplz-subtitle\">Per\u00edodo de retenci\u00f3n<\/p><p>Retendremos estos datos hasta que el servicio sea cancelado.<\/p><\/details><details class=\"cmplz-dropdown dropdown-privacy-statement\"><summary><div><h3>1.5 Para dar soporte a servicios o productos que un cliente quiere comprar o ha comprado<\/h3><\/div><\/summary><p class=\"cmplz-subtitle\">Las siguientes categor\u00edas de datos son recopiladas<\/p><p><ul><li>Un nombre y apellido<\/li><li>Nombre de cuenta o alias<\/li><li>Una direcci\u00f3n de casa u otra direcci\u00f3n f\u00edsica, incluyendo el nombre de la calle y el nombre de una ciudad o pueblo<\/li><li>Una direcci\u00f3n de correo electr\u00f3nico<\/li><li>Un n\u00famero de tel\u00e9fono<\/li><li>Direcci\u00f3n IP<\/li><li>Informaci\u00f3n sobre la actividad en internet, incluyendo, pero sin limitarse a, el historial de navegaci\u00f3n, el historial de b\u00fasqueda y la informaci\u00f3n relacionada con la interacci\u00f3n de un consumidor con una web, aplicaci\u00f3n o anuncio en internet<\/li><li>Datos de geolocalizaci\u00f3n<\/li><li>Estado civil<\/li><li>Fecha de nacimiento<\/li><\/ul><\/p><p class=\"cmplz-subtitle\">Per\u00edodo de retenci\u00f3n<\/p><p>Retendremos estos datos hasta que el servicio sea cancelado.<\/p><\/details><details class=\"cmplz-dropdown dropdown-privacy-statement\"><summary><div><h3>1.6 Para poder cumplir con las obligaciones legales<\/h3><\/div><\/summary><p class=\"cmplz-subtitle\">La recolecci\u00f3n es requerida o autorizada por la siguiente ley u orden judicial\/tribunal: <\/p><p class=\"legal-obligations-description\"><\/p><p class=\"cmplz-subtitle\">Las siguientes categor\u00edas de datos son recopiladas<\/p><p><ul><li>Un nombre y apellido<\/li><li>Nombre de cuenta o alias<\/li><li>Una direcci\u00f3n de casa u otra direcci\u00f3n f\u00edsica, incluyendo el nombre de la calle y el nombre de una ciudad o pueblo<\/li><li>Una direcci\u00f3n de correo electr\u00f3nico<\/li><li>Un n\u00famero de tel\u00e9fono<\/li><li>Direcci\u00f3n IP<\/li><li>Informaci\u00f3n sobre la actividad en internet, incluyendo, pero sin limitarse a, el historial de navegaci\u00f3n, el historial de b\u00fasqueda y la informaci\u00f3n relacionada con la interacci\u00f3n de un consumidor con una web, aplicaci\u00f3n o anuncio en internet<\/li><li>Datos de geolocalizaci\u00f3n<\/li><li>Estado civil<\/li><li>Fecha de nacimiento<\/li><\/ul><\/p><p class=\"cmplz-subtitle\">Per\u00edodo de retenci\u00f3n<\/p><p>Retendremos estos datos hasta que el servicio sea cancelado.<\/p><\/details><details class=\"cmplz-dropdown dropdown-privacy-statement\"><summary><div><h3>1.7 Recopilaci\u00f3n y an\u00e1lisis de estad\u00edsticas para la mejora de la web.<\/h3><\/div><\/summary><p class=\"cmplz-subtitle\">Las siguientes categor\u00edas de datos son recopiladas<\/p><p><ul><li>Un nombre y apellido<\/li><li>Nombre de cuenta o alias<\/li><li>Una direcci\u00f3n de casa u otra direcci\u00f3n f\u00edsica, incluyendo el nombre de la calle y el nombre de una ciudad o pueblo<\/li><li>Una direcci\u00f3n de correo electr\u00f3nico<\/li><li>Direcci\u00f3n IP<\/li><li>Informaci\u00f3n sobre la actividad en internet, incluyendo, pero sin limitarse a, el historial de navegaci\u00f3n, el historial de b\u00fasqueda y la informaci\u00f3n relacionada con la interacci\u00f3n de un consumidor con una web, aplicaci\u00f3n o anuncio en internet<\/li><li>Datos de geolocalizaci\u00f3n<\/li><\/ul><\/p><p class=\"cmplz-subtitle\">Per\u00edodo de retenci\u00f3n<\/p><p>Retendremos estos datos hasta que el servicio sea cancelado.<\/p><\/details><details class=\"cmplz-dropdown dropdown-privacy-statement\"><summary><div><h3>1.8 Para poder ofrecer productos y servicios personalizados.<\/h3><\/div><\/summary><p class=\"cmplz-subtitle\">Las siguientes categor\u00edas de datos son recopiladas<\/p><p><ul><li>Un nombre y apellido<\/li><li>Nombre de cuenta o alias<\/li><li>Una direcci\u00f3n de casa u otra direcci\u00f3n f\u00edsica, incluyendo el nombre de la calle y el nombre de una ciudad o pueblo<\/li><li>Una direcci\u00f3n de correo electr\u00f3nico<\/li><li>Un n\u00famero de tel\u00e9fono<\/li><li>Direcci\u00f3n IP<\/li><li>Informaci\u00f3n sobre la actividad en internet, incluyendo, pero sin limitarse a, el historial de navegaci\u00f3n, el historial de b\u00fasqueda y la informaci\u00f3n relacionada con la interacci\u00f3n de un consumidor con una web, aplicaci\u00f3n o anuncio en internet<\/li><li>Datos de geolocalizaci\u00f3n<\/li><\/ul><\/p><p class=\"cmplz-subtitle\">Per\u00edodo de retenci\u00f3n<\/p><p>Retendremos estos datos hasta que el servicio sea cancelado.<\/p><\/details><h2>2. Sharing with other parties<\/h2><p>We only share or disclose this data to other recipients for the following purposes:<\/p><h2>3. Disclosure practices<\/h2><p><p>We disclose personal information if we are required by law or by a court order, in response to a law enforcement agency, to the extent permitted under other provisions of law, to provide information, or for an investigation on a matter related to public safety.<\/p><p>If our website or organisation is taken over, sold, or involved in a merger or acquisition, your details may be disclosed to our advisers and any prospective purchasers and will be passed on to the new owners.<\/p><\/p><h2>4. What if you don&#039;t provide us with your personal information?<\/h2><p>If you don't provide us with your personal information, we may not be able to provide you with the information, products or assistance that you are seeking.<\/p><h2>5. How we respond to Do Not Track signals &amp; Global Privacy Control <\/h2><p>Our website responds to and supports the Do Not Track (DNT) header request field. If you turn DNT on in your browser, those preferences are communicated to us in the HTTP request header, and we will not track your browsing behavior.<\/p><h2>6. Cookies<\/h2><p>Our website uses cookies. For more information about cookies, please refer to our Cookie Policy on our <a href=\"https:\/\/www.getuniqu.com\/es\/politica-de-cookies-au\/\">Pol\u00edtica de cookies (AU)<\/a> webpage.&nbsp;<\/p><h2>7. Security<\/h2><p>We are committed to the security of personal data. We take appropriate security measures to limit abuse of and unauthorized access to personal data. This ensures that only the necessary persons have access to your data, that access to the data is protected, and that our security measures are regularly reviewed.<\/p><h2>8. Third party websites<\/h2><p>This privacy statement does not apply to third party websites connected by links on our website. We cannot guarantee that these third parties handle your personal data in a reliable or secure manner. We recommend you read the privacy statements of these websites prior to making use of these websites.<\/p><h2>9. Amendments to this privacy statement<\/h2><p>We reserve the right to make amendments to this privacy statement. It is recommended that you consult this privacy statement regularly in order to be aware of any changes. In addition, we will actively inform you wherever possible.<\/p><h2>10. Accessing and modifying your data<\/h2><p>If you have any questions or want to know which personal data we have about you, please contact us. Please make sure to always clearly state who you are, so that we can be certain that we do not modify or delete any data of the wrong person. We shall provide the requested information only upon receipt of a verifiable consumer request. You can contact us by using the information below. You have the following rights:<\/p><p class=\"cmplz-subtitle\">10.1 You have the following rights with respect to your personal data<\/p><ol class=\"alphabetic\">\n                        <li>You may submit a request for access to the data we process about you.<\/li>\n                        <li>You may request an overview, in a commonly used format, of the data we process about you.<\/li>\n                        <li>You may request correction or deletion of the data if it is incorrect or not or no longer relevant for any purpose under the Privacy Act.<\/li>\n                      <\/ol>\n                      <h2>11. Children<\/h2><p>Our website is not designed to attract children and it is not our intent to collect personal data from children under the age of consent in their country of residence. We therefore request that children under the age of consent do not submit any personal data to us.<\/p><h2>12. Contact details<\/h2><p>UniqU<br \/>\n        O\u00dc Ahtri Tn 12 15551 Tallinn Estonia<br \/>\n        Estonia<br \/>\n        Web: <a href=\"https:\/\/www.getuniqu.com\/es\/\">https:\/\/www.getuniqu.com\/es\/<\/a> <br \/>\n        Correo electr\u00f3nico: <span class=\"cmplz-obfuscate\">h&#101;&#108;l&#111;@<span class=\"cmplz-fmail-domain\">e&#120;&#046;c&#111;&#109;<\/span>&#103;&#101;tu&#110;i&#113;u&#046;&#099;o&#109;<\/span> <br \/>\n        <br \/>\n        N\u00famero de tel\u00e9fono: +438178723<\/p><h2>13. Data Requests<\/h2><p>For the most frequently submitted requests, we also offer you the possibility to use our data request form<br \/>\t\t\t<div class=\"cmplz-datarequest cmplz-alert\">\n\t\t\t\t<span class=\"cmplz-close\">&times;<\/span>\n\t\t\t\t<span id=\"cmplz-message\"><\/span>\n\t\t\t<\/div>\n\t\t\t<form id=\"cmplz-datarequest-form\">\n\t\t\t\t<input type=\"hidden\" required value=\"au\" name=\"cmplz_datarequest_region\" id=\"cmplz_datarequest_region\">\n\n\t\t\t\t<label for=\"cmplz_datarequest_firstname\" class=\"cmplz-first-name\">Nombre\t\t\t\t\t<input type=\"search\" class=\"datarequest-firstname\" value=\"\" placeholder=\"your first name\" id=\"cmplz_datarequest_firstname\" name=\"cmplz_datarequest_firstname\">\n\t\t\t\t<\/label>\n\t\t\t\t<div>\n\t\t\t\t\t<label for=\"cmplz_datarequest_name\">Nombre<\/label>\n\t\t\t\t\t<input type=\"text\" required value=\"\" placeholder=\"Tu nombre\" id=\"cmplz_datarequest_name\" name=\"cmplz_datarequest_name\">\n\t\t\t\t<\/div>\n\t\t\t\t<div>\n\t\t\t\t\t<label for=\"cmplz_datarequest_email\">Correo electr\u00f3nico<\/label>\n\t\t\t\t\t<input type=\"email\" required value=\"\" placeholder=\"email@email.com\" id=\"cmplz_datarequest_email\" name=\"cmplz_datarequest_email\">\n\t\t\t\t<\/div>\n\t\t\t\t\t\t\t\t\t\t<div class=\"cmplz_datarequest cmplz_datarequest_request_for_access\">\n\t\t\t\t\t\t\t<label for=\"cmplz_datarequest_request_for_access\">\n\t\t\t\t\t\t\t\t<input type=\"checkbox\" value=\"1\" name=\"cmplz_datarequest_request_for_access\" id=\"cmplz_datarequest_request_for_access\" \/>\n\t\t\t\t\t\t\t\tPresentar una solicitud de acceso a los datos que tratamos sobre usted.\t\t\t\t\t\t\t<\/label>\n\t\t\t\t\t\t<\/div>\n\t\t\t\t\t\t\t\t\t\t<div class=\"cmplz_datarequest cmplz_datarequest_right_to_be_forgotten\">\n\t\t\t\t\t\t\t<label for=\"cmplz_datarequest_right_to_be_forgotten\">\n\t\t\t\t\t\t\t\t<input type=\"checkbox\" value=\"1\" name=\"cmplz_datarequest_right_to_be_forgotten\" id=\"cmplz_datarequest_right_to_be_forgotten\" \/>\n\t\t\t\t\t\t\t\tPresentar una solicitud de supresi\u00f3n de los datos si ya no son pertinentes.\t\t\t\t\t\t\t<\/label>\n\t\t\t\t\t\t<\/div>\n\t\t\t\t\t\t\t\t\t\t<div class=\"cmplz_datarequest cmplz_datarequest_right_to_data_portability\">\n\t\t\t\t\t\t\t<label for=\"cmplz_datarequest_right_to_data_portability\">\n\t\t\t\t\t\t\t\t<input type=\"checkbox\" value=\"1\" name=\"cmplz_datarequest_right_to_data_portability\" id=\"cmplz_datarequest_right_to_data_portability\" \/>\n\t\t\t\t\t\t\t\tPresentar una solicitud para recibir un archivo de exportaci\u00f3n de los datos que tratamos sobre usted.\t\t\t\t\t\t\t<\/label>\n\t\t\t\t\t\t<\/div>\n\t\t\t\t\t\t\t\t<input type=\"button\" id=\"cmplz-datarequest-submit\" value=\"Enviar\">\n\t\t\t<\/form>\n\n\t\t\t<style>\n\t\t\t\t\/* first-name is honeypot *\/\n\t\t\t\t.cmplz-first-name {\n\t\t\t\t\tposition: absolute !important;\n\t\t\t\t\tleft: -5000px !important;\n\t\t\t\t}\n\t\t\t<\/style>\n\t\t\t<\/p><p>We have appointed a contact person for the organization\u2019s policies and practices and to whom complaints or inquiries can be forwarded:<br \/>John Crossen<br \/>O\u00dc Ahtri Tn 12 15551 Tallinn Estonia<\/p><\/div>\n","protected":false},"excerpt":{"rendered":"","protected":false},"author":1,"featured_media":0,"parent":0,"menu_order":0,"comment_status":"closed","ping_status":"closed","template":"","meta":{"_analytify_skip_tracking":false,"footnotes":""},"class_list":["post-2592","page","type-page","status-publish","hentry"],"_links":{"self":[{"href":"https:\/\/www.getuniqu.com\/es\/wp-json\/wp\/v2\/pages\/2592","targetHints":{"allow":["GET"]}}],"collection":[{"href":"https:\/\/www.getuniqu.com\/es\/wp-json\/wp\/v2\/pages"}],"about":[{"href":"https:\/\/www.getuniqu.com\/es\/wp-json\/wp\/v2\/types\/page"}],"author":[{"embeddable":true,"href":"https:\/\/www.getuniqu.com\/es\/wp-json\/wp\/v2\/users\/1"}],"replies":[{"embeddable":true,"href":"https:\/\/www.getuniqu.com\/es\/wp-json\/wp\/v2\/comments?post=2592"}],"version-history":[{"count":0,"href":"https:\/\/www.getuniqu.com\/es\/wp-json\/wp\/v2\/pages\/2592\/revisions"}],"wp:attachment":[{"href":"https:\/\/www.getuniqu.com\/es\/wp-json\/wp\/v2\/media?parent=2592"}],"curies":[{"name":"wp","href":"https:\/\/api.w.org\/{rel}","templated":true}]}}