{"id":1675,"date":"2025-10-13T19:18:17","date_gmt":"2025-10-13T19:18:17","guid":{"rendered":"https:\/\/www.getuniqu.com\/mentions-legales\/"},"modified":"2025-10-13T19:18:17","modified_gmt":"2025-10-13T19:18:17","slug":"mentions-legales","status":"publish","type":"page","link":"https:\/\/www.getuniqu.com\/fr\/mentions-legales\/","title":{"rendered":"Mentions l\u00e9gales"},"content":{"rendered":"\n<!-- Legal document generated by Complianz | GDPR\/CCPA Cookie Consent https:\/\/wordpress.org\/plugins\/complianz-gdpr -->\n<div id=\"cmplz-document\" class=\"cmplz-document impressum cmplz-document-all\"><p><i>Cette imprint a \u00e9t\u00e9 mise \u00e0 jour pour la derni\u00e8re fois le 12 f\u00e9vrier 2026.<\/i><\/p><p class=\"cmplz-subtitle\">Le propri\u00e9taire de ce site web est\u00a0:<\/p><p>UniqU O\u00dc<br>O\u00dc Ahtri Tn 12 15551 Tallinn Estonia<br>Estonie<br>E-mail\u00a0:&nbsp;<span class=\"cmplz-obfuscate\">&#104;&#101;l&#108;o@<span class=\"cmplz-fmail-domain\">e&#120;&#046;co&#109;<\/span>get&#117;&#110;&#105;q&#117;.&#099;&#111;m<\/span><br>Num\u00e9ro de t\u00e9l\u00e9phone\u00a0: +438178723<br><\/p><p class=\"cmplz-subtitle\">Le(s) repr\u00e9sentant(s) l\u00e9gal(aux) de UniqU O\u00dc\u00a0:<\/p><p>John Crossen<\/p><h2>1. G\u00e9n\u00e9ral<\/h2><p class=\"cmplz-subtitle\">1.1 Nous sommes enregistr\u00e9s chez https:\/\/ariregister.rik.ee\/eng sous le num\u00e9ro de licence ou d\u2019enregistrement\u00a0:<\/p><p>16979434<\/p><p class=\"cmplz-subtitle\">1.2 Le nom de notre autorit\u00e9 de surveillance est\u00a0:<\/p><p>No<\/p><p class=\"cmplz-subtitle\">1.3 Nous pr\u00e9sentons des services ou des produits sur notre site web, qui n\u00e9cessitent une inscription aupr\u00e8s de l\u2019association professionnelle suivante\u00a0:<\/p><p>No<\/p><p>Nous ne sommes ni dispos\u00e9s ni oblig\u00e9s de participer \u00e0 des proc\u00e9dures de r\u00e8glement des litiges devant une commission d\u2019arbitrage des consommateurs.<\/p><h2>2. Les informations suivantes sont obligatoires selon la loi allemande.<\/h2><p class=\"cmplz-subtitle\">2.1 Die Eigentumsanteile der Gesellschaft (Aktienkapital), die von ihr ausgegeben wurden:<\/p><p>1 EU<\/p><\/div>\n","protected":false},"excerpt":{"rendered":"","protected":false},"author":1,"featured_media":0,"parent":0,"menu_order":0,"comment_status":"closed","ping_status":"closed","template":"","meta":{"_analytify_skip_tracking":false,"footnotes":""},"class_list":["post-1675","page","type-page","status-publish","hentry"],"_links":{"self":[{"href":"https:\/\/www.getuniqu.com\/fr\/wp-json\/wp\/v2\/pages\/1675","targetHints":{"allow":["GET"]}}],"collection":[{"href":"https:\/\/www.getuniqu.com\/fr\/wp-json\/wp\/v2\/pages"}],"about":[{"href":"https:\/\/www.getuniqu.com\/fr\/wp-json\/wp\/v2\/types\/page"}],"author":[{"embeddable":true,"href":"https:\/\/www.getuniqu.com\/fr\/wp-json\/wp\/v2\/users\/1"}],"replies":[{"embeddable":true,"href":"https:\/\/www.getuniqu.com\/fr\/wp-json\/wp\/v2\/comments?post=1675"}],"version-history":[{"count":0,"href":"https:\/\/www.getuniqu.com\/fr\/wp-json\/wp\/v2\/pages\/1675\/revisions"}],"wp:attachment":[{"href":"https:\/\/www.getuniqu.com\/fr\/wp-json\/wp\/v2\/media?parent=1675"}],"curies":[{"name":"wp","href":"https:\/\/api.w.org\/{rel}","templated":true}]}}